{"id":10475,"date":"2020-07-10T17:53:13","date_gmt":"2021-03-31T14:04:30","guid":{"rendered":"https:\/\/zughundesport-shop.de\/produkt\/uncategorized\/mushing-shock-absorber\/"},"modified":"2021-03-31T16:04:31","modified_gmt":"2021-03-31T14:04:31","slug":"mushing-ruckdaempfer","status":"publish","type":"product","link":"https:\/\/zughundesport-shop.de\/en\/produkt\/sportarten-en\/mushing-sportarten\/mushing-ruckdaempfer\/","title":{"rendered":"Mushing Shock Absorber"},"content":{"rendered":"<p>New shock absorber made of tubular tape from mountaineering and rubber rope. The cover made of tarpaulin fabric protects against dirt.<\/p>\n<p>Ideal, linear response and low weight!<\/p>\n<p>&nbsp;<\/p>\n","protected":false},"excerpt":{"rendered":"<p>New shock absorber made of tubular tape from mountaineering and rubber rope. The cover made of tarpaulin fabric protects against dirt. Ideal, linear response and low weight! &nbsp;<\/p>\n","protected":false},"featured_media":7655,"template":"","meta":[],"product_brand":[],"product_cat":[373,384],"product_tag":[],"class_list":{"0":"post-10475","1":"product","2":"type-product","3":"status-publish","4":"has-post-thumbnail","6":"product_cat-mushing","7":"product_cat-mushing-sportarten","8":"product_shipping_class-dhl-en","10":"first","11":"instock","12":"taxable","13":"shipping-taxable","14":"purchasable","15":"product-type-variable"},"yoast_head":"<!-- This site is optimized with the Yoast SEO Premium plugin v27.3 (Yoast SEO v27.5) - https:\/\/yoast.com\/product\/yoast-seo-premium-wordpress\/ -->\n<title>Mushing Shock Absorber - Sledwork Shop<\/title>\n<meta name=\"robots\" content=\"index, follow, max-snippet:-1, max-image-preview:large, max-video-preview:-1\" \/>\n<link rel=\"canonical\" href=\"https:\/\/zughundesport-shop.de\/en\/produkt\/sportarten-en\/mushing-sportarten\/mushing-ruckdaempfer\/\" \/>\n<meta property=\"og:locale\" content=\"en_US\" \/>\n<meta property=\"og:type\" content=\"article\" \/>\n<meta property=\"og:title\" content=\"Mushing Shock Absorber\" \/>\n<meta property=\"og:description\" content=\"New shock absorber made of tubular tape from mountaineering and rubber rope. The cover made of tarpaulin fabric protects against dirt. Ideal, linear response and low weight! &nbsp;\" \/>\n<meta property=\"og:url\" content=\"https:\/\/zughundesport-shop.de\/en\/produkt\/sportarten-en\/mushing-sportarten\/mushing-ruckdaempfer\/\" \/>\n<meta property=\"og:site_name\" content=\"Sledwork Shop\" \/>\n<meta property=\"article:publisher\" content=\"https:\/\/www.facebook.com\/Sledwork\/\" \/>\n<meta property=\"article:modified_time\" content=\"2021-03-31T14:04:31+00:00\" \/>\n<meta property=\"og:image\" content=\"https:\/\/zughundesport-shop.de\/wp-content\/uploads\/2020\/07\/Mushing-Ruckd\u00e4mpfer-e1594396689103.jpg\" \/>\n\t<meta property=\"og:image:width\" content=\"1200\" \/>\n\t<meta property=\"og:image:height\" content=\"1200\" \/>\n\t<meta property=\"og:image:type\" content=\"image\/jpeg\" \/>\n<meta name=\"twitter:card\" content=\"summary_large_image\" \/>\n<script type=\"application\/ld+json\" class=\"yoast-schema-graph\">{\"@context\":\"https:\\\/\\\/schema.org\",\"@graph\":[{\"@type\":\"WebPage\",\"@id\":\"https:\\\/\\\/zughundesport-shop.de\\\/en\\\/produkt\\\/sportarten-en\\\/mushing-sportarten\\\/mushing-ruckdaempfer\\\/\",\"url\":\"https:\\\/\\\/zughundesport-shop.de\\\/en\\\/produkt\\\/sportarten-en\\\/mushing-sportarten\\\/mushing-ruckdaempfer\\\/\",\"name\":\"Mushing Shock Absorber - Sledwork Shop\",\"isPartOf\":{\"@id\":\"https:\\\/\\\/zughundesport-shop.de\\\/en\\\/#website\"},\"primaryImageOfPage\":{\"@id\":\"https:\\\/\\\/zughundesport-shop.de\\\/en\\\/produkt\\\/sportarten-en\\\/mushing-sportarten\\\/mushing-ruckdaempfer\\\/#primaryimage\"},\"image\":{\"@id\":\"https:\\\/\\\/zughundesport-shop.de\\\/en\\\/produkt\\\/sportarten-en\\\/mushing-sportarten\\\/mushing-ruckdaempfer\\\/#primaryimage\"},\"thumbnailUrl\":\"https:\\\/\\\/zughundesport-shop.de\\\/wp-content\\\/uploads\\\/2020\\\/07\\\/Mushing-Ruckd\u00e4mpfer-e1594396689103.jpg\",\"datePublished\":\"2021-03-31T14:04:30+00:00\",\"dateModified\":\"2021-03-31T14:04:31+00:00\",\"breadcrumb\":{\"@id\":\"https:\\\/\\\/zughundesport-shop.de\\\/en\\\/produkt\\\/sportarten-en\\\/mushing-sportarten\\\/mushing-ruckdaempfer\\\/#breadcrumb\"},\"inLanguage\":\"en-US\",\"potentialAction\":[{\"@type\":\"ReadAction\",\"target\":[\"https:\\\/\\\/zughundesport-shop.de\\\/en\\\/produkt\\\/sportarten-en\\\/mushing-sportarten\\\/mushing-ruckdaempfer\\\/\"]}]},{\"@type\":\"ImageObject\",\"inLanguage\":\"en-US\",\"@id\":\"https:\\\/\\\/zughundesport-shop.de\\\/en\\\/produkt\\\/sportarten-en\\\/mushing-sportarten\\\/mushing-ruckdaempfer\\\/#primaryimage\",\"url\":\"https:\\\/\\\/zughundesport-shop.de\\\/wp-content\\\/uploads\\\/2020\\\/07\\\/Mushing-Ruckd\u00e4mpfer-e1594396689103.jpg\",\"contentUrl\":\"https:\\\/\\\/zughundesport-shop.de\\\/wp-content\\\/uploads\\\/2020\\\/07\\\/Mushing-Ruckd\u00e4mpfer-e1594396689103.jpg\",\"width\":1200,\"height\":1200,\"caption\":\"Mushing Ruckd\u00e4mpfer f\u00fcr Gespanne\"},{\"@type\":\"BreadcrumbList\",\"@id\":\"https:\\\/\\\/zughundesport-shop.de\\\/en\\\/produkt\\\/sportarten-en\\\/mushing-sportarten\\\/mushing-ruckdaempfer\\\/#breadcrumb\",\"itemListElement\":[{\"@type\":\"ListItem\",\"position\":1,\"name\":\"Startseite\",\"item\":\"https:\\\/\\\/zughundesport-shop.de\\\/en\\\/\"},{\"@type\":\"ListItem\",\"position\":2,\"name\":\"Shop\",\"item\":\"https:\\\/\\\/zughundesport-shop.de\\\/en\\\/shop-2\\\/\"},{\"@type\":\"ListItem\",\"position\":3,\"name\":\"Mushing Shock Absorber\"}]},{\"@type\":\"WebSite\",\"@id\":\"https:\\\/\\\/zughundesport-shop.de\\\/en\\\/#website\",\"url\":\"https:\\\/\\\/zughundesport-shop.de\\\/en\\\/\",\"name\":\"Sledwork Shop\",\"description\":\"GET ALL YOU NEED FOR PERFECT DOG SPORTS\",\"publisher\":{\"@id\":\"https:\\\/\\\/zughundesport-shop.de\\\/en\\\/#organization\"},\"potentialAction\":[{\"@type\":\"SearchAction\",\"target\":{\"@type\":\"EntryPoint\",\"urlTemplate\":\"https:\\\/\\\/zughundesport-shop.de\\\/en\\\/?s={search_term_string}\"},\"query-input\":{\"@type\":\"PropertyValueSpecification\",\"valueRequired\":true,\"valueName\":\"search_term_string\"}}],\"inLanguage\":\"en-US\"},{\"@type\":\"Organization\",\"@id\":\"https:\\\/\\\/zughundesport-shop.de\\\/en\\\/#organization\",\"name\":\"SLEDWORK\u00ae\",\"url\":\"https:\\\/\\\/zughundesport-shop.de\\\/en\\\/\",\"logo\":{\"@type\":\"ImageObject\",\"inLanguage\":\"en-US\",\"@id\":\"https:\\\/\\\/zughundesport-shop.de\\\/en\\\/#\\\/schema\\\/logo\\\/image\\\/\",\"url\":\"https:\\\/\\\/zughundesport-shop.de\\\/wp-content\\\/uploads\\\/2019\\\/09\\\/logo_sledwork.png\",\"contentUrl\":\"https:\\\/\\\/zughundesport-shop.de\\\/wp-content\\\/uploads\\\/2019\\\/09\\\/logo_sledwork.png\",\"width\":765,\"height\":283,\"caption\":\"SLEDWORK\u00ae\"},\"image\":{\"@id\":\"https:\\\/\\\/zughundesport-shop.de\\\/en\\\/#\\\/schema\\\/logo\\\/image\\\/\"},\"sameAs\":[\"https:\\\/\\\/www.facebook.com\\\/Sledwork\\\/\",\"https:\\\/\\\/www.instagram.com\\\/sledwork.de\\\/?hl=de\"]}]}<\/script>\n<!-- \/ Yoast SEO Premium plugin. -->","yoast_head_json":{"title":"Mushing Shock Absorber - Sledwork Shop","robots":{"index":"index","follow":"follow","max-snippet":"max-snippet:-1","max-image-preview":"max-image-preview:large","max-video-preview":"max-video-preview:-1"},"canonical":"https:\/\/zughundesport-shop.de\/en\/produkt\/sportarten-en\/mushing-sportarten\/mushing-ruckdaempfer\/","og_locale":"en_US","og_type":"article","og_title":"Mushing Shock Absorber","og_description":"New shock absorber made of tubular tape from mountaineering and rubber rope. The cover made of tarpaulin fabric protects against dirt. Ideal, linear response and low weight! &nbsp;","og_url":"https:\/\/zughundesport-shop.de\/en\/produkt\/sportarten-en\/mushing-sportarten\/mushing-ruckdaempfer\/","og_site_name":"Sledwork Shop","article_publisher":"https:\/\/www.facebook.com\/Sledwork\/","article_modified_time":"2021-03-31T14:04:31+00:00","og_image":[{"width":1200,"height":1200,"type":"image\/jpeg","url":"https:\/\/zughundesport-shop.de\/wp-content\/uploads\/2020\/07\/Mushing-Ruckd\u00e4mpfer-e1594396689103.jpg"}],"twitter_card":"summary_large_image","schema":{"@context":"https:\/\/schema.org","@graph":[{"@type":"WebPage","@id":"https:\/\/zughundesport-shop.de\/en\/produkt\/sportarten-en\/mushing-sportarten\/mushing-ruckdaempfer\/","url":"https:\/\/zughundesport-shop.de\/en\/produkt\/sportarten-en\/mushing-sportarten\/mushing-ruckdaempfer\/","name":"Mushing Shock Absorber - Sledwork Shop","isPartOf":{"@id":"https:\/\/zughundesport-shop.de\/en\/#website"},"primaryImageOfPage":{"@id":"https:\/\/zughundesport-shop.de\/en\/produkt\/sportarten-en\/mushing-sportarten\/mushing-ruckdaempfer\/#primaryimage"},"image":{"@id":"https:\/\/zughundesport-shop.de\/en\/produkt\/sportarten-en\/mushing-sportarten\/mushing-ruckdaempfer\/#primaryimage"},"thumbnailUrl":"https:\/\/zughundesport-shop.de\/wp-content\/uploads\/2020\/07\/Mushing-Ruckd\u00e4mpfer-e1594396689103.jpg","datePublished":"2021-03-31T14:04:30+00:00","dateModified":"2021-03-31T14:04:31+00:00","breadcrumb":{"@id":"https:\/\/zughundesport-shop.de\/en\/produkt\/sportarten-en\/mushing-sportarten\/mushing-ruckdaempfer\/#breadcrumb"},"inLanguage":"en-US","potentialAction":[{"@type":"ReadAction","target":["https:\/\/zughundesport-shop.de\/en\/produkt\/sportarten-en\/mushing-sportarten\/mushing-ruckdaempfer\/"]}]},{"@type":"ImageObject","inLanguage":"en-US","@id":"https:\/\/zughundesport-shop.de\/en\/produkt\/sportarten-en\/mushing-sportarten\/mushing-ruckdaempfer\/#primaryimage","url":"https:\/\/zughundesport-shop.de\/wp-content\/uploads\/2020\/07\/Mushing-Ruckd\u00e4mpfer-e1594396689103.jpg","contentUrl":"https:\/\/zughundesport-shop.de\/wp-content\/uploads\/2020\/07\/Mushing-Ruckd\u00e4mpfer-e1594396689103.jpg","width":1200,"height":1200,"caption":"Mushing Ruckd\u00e4mpfer f\u00fcr Gespanne"},{"@type":"BreadcrumbList","@id":"https:\/\/zughundesport-shop.de\/en\/produkt\/sportarten-en\/mushing-sportarten\/mushing-ruckdaempfer\/#breadcrumb","itemListElement":[{"@type":"ListItem","position":1,"name":"Startseite","item":"https:\/\/zughundesport-shop.de\/en\/"},{"@type":"ListItem","position":2,"name":"Shop","item":"https:\/\/zughundesport-shop.de\/en\/shop-2\/"},{"@type":"ListItem","position":3,"name":"Mushing Shock Absorber"}]},{"@type":"WebSite","@id":"https:\/\/zughundesport-shop.de\/en\/#website","url":"https:\/\/zughundesport-shop.de\/en\/","name":"Sledwork Shop","description":"GET ALL YOU NEED FOR PERFECT DOG SPORTS","publisher":{"@id":"https:\/\/zughundesport-shop.de\/en\/#organization"},"potentialAction":[{"@type":"SearchAction","target":{"@type":"EntryPoint","urlTemplate":"https:\/\/zughundesport-shop.de\/en\/?s={search_term_string}"},"query-input":{"@type":"PropertyValueSpecification","valueRequired":true,"valueName":"search_term_string"}}],"inLanguage":"en-US"},{"@type":"Organization","@id":"https:\/\/zughundesport-shop.de\/en\/#organization","name":"SLEDWORK\u00ae","url":"https:\/\/zughundesport-shop.de\/en\/","logo":{"@type":"ImageObject","inLanguage":"en-US","@id":"https:\/\/zughundesport-shop.de\/en\/#\/schema\/logo\/image\/","url":"https:\/\/zughundesport-shop.de\/wp-content\/uploads\/2019\/09\/logo_sledwork.png","contentUrl":"https:\/\/zughundesport-shop.de\/wp-content\/uploads\/2019\/09\/logo_sledwork.png","width":765,"height":283,"caption":"SLEDWORK\u00ae"},"image":{"@id":"https:\/\/zughundesport-shop.de\/en\/#\/schema\/logo\/image\/"},"sameAs":["https:\/\/www.facebook.com\/Sledwork\/","https:\/\/www.instagram.com\/sledwork.de\/?hl=de"]}]}},"amp_enabled":true,"_links":{"self":[{"href":"https:\/\/zughundesport-shop.de\/en\/wp-json\/wp\/v2\/product\/10475","targetHints":{"allow":["GET"]}}],"collection":[{"href":"https:\/\/zughundesport-shop.de\/en\/wp-json\/wp\/v2\/product"}],"about":[{"href":"https:\/\/zughundesport-shop.de\/en\/wp-json\/wp\/v2\/types\/product"}],"wp:featuredmedia":[{"embeddable":true,"href":"https:\/\/zughundesport-shop.de\/en\/wp-json\/wp\/v2\/media\/7655"}],"wp:attachment":[{"href":"https:\/\/zughundesport-shop.de\/en\/wp-json\/wp\/v2\/media?parent=10475"}],"wp:term":[{"taxonomy":"product_brand","embeddable":true,"href":"https:\/\/zughundesport-shop.de\/en\/wp-json\/wp\/v2\/product_brand?post=10475"},{"taxonomy":"product_cat","embeddable":true,"href":"https:\/\/zughundesport-shop.de\/en\/wp-json\/wp\/v2\/product_cat?post=10475"},{"taxonomy":"product_tag","embeddable":true,"href":"https:\/\/zughundesport-shop.de\/en\/wp-json\/wp\/v2\/product_tag?post=10475"}],"curies":[{"name":"wp","href":"https:\/\/api.w.org\/{rel}","templated":true}]}}