{"id":9772,"date":"2019-10-30T19:42:49","date_gmt":"2019-10-30T18:42:49","guid":{"rendered":"https:\/\/zughundesport-shop.de\/produkt\/uncategorized\/canix-belt-g2-light\/"},"modified":"2023-07-26T00:00:32","modified_gmt":"2023-07-25T22:00:32","slug":"canix-belt-g2-light","status":"publish","type":"product","link":"https:\/\/zughundesport-shop.de\/en\/produkt\/sportarten-en\/canix-run-canirun\/canix-belt-g2-light\/","title":{"rendered":"CaniX Belt G2 light"},"content":{"rendered":"<p>Originating from skijoring, the current CaniX Belt G2 light has undergone an evolutionary development, with which you can increase your performance.<\/p>\n<p>Its great advantage is the effective four-point attachment of the leash, which makes the belt unique.<br \/>\nThe belt encloses the entire pelvis, which distributes the traction over a large area. About 2\/3 of the dog\u2019s pulling power goes into the<br \/>\ntwo lower part and only 1\/3 goes to the top.<\/p>\n<p>During Canicross, you\u2019ll have a perfect body balance and you and your dog will turn into an entity. You will positively notice that the CaniX Belt G2 light effectively counteracts<br \/>\na &#8220;hollow back&#8221;. Under tension, the G2 light brings the pelvis into a favourable position and extends your flight phase.<\/p>\n<p>Although the G2 light was developed as a competition belt, it also performs extremely well in everyday use.<br \/>\nDuring (long) hikes and on difficult trails, the belt\u2019s advantages are also positively noticeable, especially with dogs that pull strongly.<\/p>\n<p>The CaniX Belt G2 light has a padding made of breathable 3-D Air Mesh, which feels pleasantly &#8220;firm&#8221;.<br \/>\nYou can easily adjust the G2 light and quickly take it off during out and about. As the G2 light does not need a waist belt, you can easily combine it with a<br \/>\nrunning backpack.<\/p>\n<h3>CaniX Belt G2 light \u2013 Laufg\u00fcrtel Unigr\u00f6\u00dfen von XS -XL<\/h3>\n<p>H\u00fcftumfang und Beinumfang verstellbar, Alle Ma\u00dfe in cm<\/p>\n\n<table id=\"tablepress-51\" class=\"tablepress tablepress-id-51 laptop\">\n<thead>\n<tr class=\"row-1\">\n\t<th class=\"column-1\">SIZE<\/th><th class=\"column-2\">XS<\/th><th class=\"column-3\">S<\/th><th class=\"column-4\">M<\/th><th class=\"column-5\">L<\/th><th class=\"column-6\">XL<\/th>\n<\/tr>\n<\/thead>\n<tbody class=\"row-striping row-hover\">\n<tr class=\"row-2\">\n\t<td class=\"column-1\"><span style=\"font-weight:700;\">Hip circumference<\/span><\/td><td class=\"column-2\">60-80<\/td><td class=\"column-3\">70-90<\/td><td class=\"column-4\">80-100<\/td><td class=\"column-5\">90-100<\/td><td class=\"column-6\">100-120<\/td>\n<\/tr>\n<tr class=\"row-3\">\n\t<td class=\"column-1\"><span style=\"font-weight:700;\">Leg circumference (measured diagonally to the waist)<\/span><\/td><td class=\"column-2\">50-65<\/td><td class=\"column-3\">60-75<\/td><td class=\"column-4\">70-85<br \/>\n<\/td><td class=\"column-5\">80-95<\/td><td class=\"column-6\">90-105<\/td>\n<\/tr>\n<\/tbody>\n<\/table>\n<!-- #tablepress-51 from cache -->\n\n<table id=\"tablepress-52\" class=\"tablepress tablepress-id-52 smartphone\">\n<thead>\n<tr class=\"row-1\">\n\t<th class=\"column-1\"><span style=\"font-weight:700;\">SIZE<\/span><\/th><th class=\"column-2\">Hip circumference<\/th><th class=\"column-3\">Leg circumference (measured diagonally to the waist)<\/th>\n<\/tr>\n<\/thead>\n<tbody class=\"row-striping row-hover\">\n<tr class=\"row-2\">\n\t<td class=\"column-1\"><span style=\"font-weight:700;\">XS<\/span><\/td><td class=\"column-2\">60-80<\/td><td class=\"column-3\">50-65<\/td>\n<\/tr>\n<tr class=\"row-3\">\n\t<td class=\"column-1\"><span style=\"font-weight:700;\">S<\/span><\/td><td class=\"column-2\">70-90<\/td><td class=\"column-3\">60-75<\/td>\n<\/tr>\n<tr class=\"row-4\">\n\t<td class=\"column-1\"><span style=\"font-weight:700;\">M<\/span><\/td><td class=\"column-2\">80-100<\/td><td class=\"column-3\">70-85<\/td>\n<\/tr>\n<tr class=\"row-5\">\n\t<td class=\"column-1\"><span style=\"font-weight:700;\">L<\/span><\/td><td class=\"column-2\">90-110<\/td><td class=\"column-3\">80-95<\/td>\n<\/tr>\n<tr class=\"row-6\">\n\t<td class=\"column-1\"><span style=\"font-weight:700;\">XL<\/span><\/td><td class=\"column-2\">100-120<\/td><td class=\"column-3\">90-105<\/td>\n<\/tr>\n<\/tbody>\n<\/table>\n<!-- #tablepress-52 from cache -->\n","protected":false},"excerpt":{"rendered":"<p>Originating from skijoring, the current CaniX Belt G2 light has undergone an evolutionary development, with which you can increase your performance. Its great advantage is the effective four-point attachment of the leash, which makes the belt unique. The belt encloses the entire pelvis, which distributes the traction over a large area. About 2\/3 of the [&#8230;]\n","protected":false},"featured_media":7529,"template":"","meta":[],"product_brand":[],"product_cat":[361,371,380,385,800],"product_tag":[],"class_list":{"0":"post-9772","1":"product","2":"type-product","3":"status-publish","4":"has-post-thumbnail","6":"product_cat-canix-run-canirun","7":"product_cat-laufguertel","8":"product_cat-alltag-allday","9":"product_cat-wandern","10":"product_cat-produkte-en-2","11":"product_shipping_class-dhl-en","13":"first","14":"instock","15":"taxable","16":"shipping-taxable","17":"purchasable","18":"product-type-variable"},"yoast_head":"<!-- This site is optimized with the Yoast SEO Premium plugin v27.3 (Yoast SEO v27.4) - https:\/\/yoast.com\/product\/yoast-seo-premium-wordpress\/ -->\n<title>CaniX Belt G2 light - Sledwork Shop<\/title>\n<meta name=\"robots\" content=\"index, follow, max-snippet:-1, max-image-preview:large, max-video-preview:-1\" \/>\n<link rel=\"canonical\" href=\"https:\/\/zughundesport-shop.de\/en\/produkt\/sportarten-en\/canix-run-canirun\/canix-belt-g2-light\/\" \/>\n<meta property=\"og:locale\" content=\"en_US\" \/>\n<meta property=\"og:type\" content=\"article\" \/>\n<meta property=\"og:title\" content=\"CaniX Belt G2 light\" \/>\n<meta property=\"og:description\" content=\"Originating from skijoring, the current CaniX Belt G2 light has undergone an evolutionary development, with which you can increase your performance. Its great advantage is the effective four-point attachment of the leash, which makes the belt unique. The belt encloses the entire pelvis, which distributes the traction over a large area. About 2\/3 of the [...]\" \/>\n<meta property=\"og:url\" content=\"https:\/\/zughundesport-shop.de\/en\/produkt\/sportarten-en\/canix-run-canirun\/canix-belt-g2-light\/\" \/>\n<meta property=\"og:site_name\" content=\"Sledwork Shop\" \/>\n<meta property=\"article:publisher\" content=\"https:\/\/www.facebook.com\/Sledwork\/\" \/>\n<meta property=\"article:modified_time\" content=\"2023-07-25T22:00:32+00:00\" \/>\n<meta property=\"og:image\" content=\"https:\/\/zughundesport-shop.de\/wp-content\/uploads\/2019\/10\/320A9135-Bearbeitet-e1590651626262.jpg\" \/>\n\t<meta property=\"og:image:width\" content=\"1200\" \/>\n\t<meta property=\"og:image:height\" content=\"1200\" \/>\n\t<meta property=\"og:image:type\" content=\"image\/jpeg\" \/>\n<meta name=\"twitter:card\" content=\"summary_large_image\" \/>\n<meta name=\"twitter:label1\" content=\"Est. reading time\" \/>\n\t<meta name=\"twitter:data1\" content=\"2 minutes\" \/>\n<script type=\"application\/ld+json\" class=\"yoast-schema-graph\">{\"@context\":\"https:\\\/\\\/schema.org\",\"@graph\":[{\"@type\":\"WebPage\",\"@id\":\"https:\\\/\\\/zughundesport-shop.de\\\/en\\\/produkt\\\/sportarten-en\\\/canix-run-canirun\\\/canix-belt-g2-light\\\/\",\"url\":\"https:\\\/\\\/zughundesport-shop.de\\\/en\\\/produkt\\\/sportarten-en\\\/canix-run-canirun\\\/canix-belt-g2-light\\\/\",\"name\":\"CaniX Belt G2 light - Sledwork Shop\",\"isPartOf\":{\"@id\":\"https:\\\/\\\/zughundesport-shop.de\\\/en\\\/#website\"},\"primaryImageOfPage\":{\"@id\":\"https:\\\/\\\/zughundesport-shop.de\\\/en\\\/produkt\\\/sportarten-en\\\/canix-run-canirun\\\/canix-belt-g2-light\\\/#primaryimage\"},\"image\":{\"@id\":\"https:\\\/\\\/zughundesport-shop.de\\\/en\\\/produkt\\\/sportarten-en\\\/canix-run-canirun\\\/canix-belt-g2-light\\\/#primaryimage\"},\"thumbnailUrl\":\"https:\\\/\\\/zughundesport-shop.de\\\/wp-content\\\/uploads\\\/2019\\\/10\\\/320A9135-Bearbeitet-e1590651626262.jpg\",\"datePublished\":\"2019-10-30T18:42:49+00:00\",\"dateModified\":\"2023-07-25T22:00:32+00:00\",\"breadcrumb\":{\"@id\":\"https:\\\/\\\/zughundesport-shop.de\\\/en\\\/produkt\\\/sportarten-en\\\/canix-run-canirun\\\/canix-belt-g2-light\\\/#breadcrumb\"},\"inLanguage\":\"en-US\",\"potentialAction\":[{\"@type\":\"ReadAction\",\"target\":[\"https:\\\/\\\/zughundesport-shop.de\\\/en\\\/produkt\\\/sportarten-en\\\/canix-run-canirun\\\/canix-belt-g2-light\\\/\"]}]},{\"@type\":\"ImageObject\",\"inLanguage\":\"en-US\",\"@id\":\"https:\\\/\\\/zughundesport-shop.de\\\/en\\\/produkt\\\/sportarten-en\\\/canix-run-canirun\\\/canix-belt-g2-light\\\/#primaryimage\",\"url\":\"https:\\\/\\\/zughundesport-shop.de\\\/wp-content\\\/uploads\\\/2019\\\/10\\\/320A9135-Bearbeitet-e1590651626262.jpg\",\"contentUrl\":\"https:\\\/\\\/zughundesport-shop.de\\\/wp-content\\\/uploads\\\/2019\\\/10\\\/320A9135-Bearbeitet-e1590651626262.jpg\",\"width\":1200,\"height\":1200,\"caption\":\"Laufg\u00fcrtel CaniX Belt g2 light neonorange seitlich detail Hundeanbindung\"},{\"@type\":\"BreadcrumbList\",\"@id\":\"https:\\\/\\\/zughundesport-shop.de\\\/en\\\/produkt\\\/sportarten-en\\\/canix-run-canirun\\\/canix-belt-g2-light\\\/#breadcrumb\",\"itemListElement\":[{\"@type\":\"ListItem\",\"position\":1,\"name\":\"Startseite\",\"item\":\"https:\\\/\\\/zughundesport-shop.de\\\/en\\\/\"},{\"@type\":\"ListItem\",\"position\":2,\"name\":\"Shop\",\"item\":\"https:\\\/\\\/zughundesport-shop.de\\\/en\\\/shop-2\\\/\"},{\"@type\":\"ListItem\",\"position\":3,\"name\":\"CaniX Belt G2 light\"}]},{\"@type\":\"WebSite\",\"@id\":\"https:\\\/\\\/zughundesport-shop.de\\\/en\\\/#website\",\"url\":\"https:\\\/\\\/zughundesport-shop.de\\\/en\\\/\",\"name\":\"Sledwork Shop\",\"description\":\"GET ALL YOU NEED FOR PERFECT DOG SPORTS\",\"publisher\":{\"@id\":\"https:\\\/\\\/zughundesport-shop.de\\\/en\\\/#organization\"},\"potentialAction\":[{\"@type\":\"SearchAction\",\"target\":{\"@type\":\"EntryPoint\",\"urlTemplate\":\"https:\\\/\\\/zughundesport-shop.de\\\/en\\\/?s={search_term_string}\"},\"query-input\":{\"@type\":\"PropertyValueSpecification\",\"valueRequired\":true,\"valueName\":\"search_term_string\"}}],\"inLanguage\":\"en-US\"},{\"@type\":\"Organization\",\"@id\":\"https:\\\/\\\/zughundesport-shop.de\\\/en\\\/#organization\",\"name\":\"SLEDWORK\u00ae\",\"url\":\"https:\\\/\\\/zughundesport-shop.de\\\/en\\\/\",\"logo\":{\"@type\":\"ImageObject\",\"inLanguage\":\"en-US\",\"@id\":\"https:\\\/\\\/zughundesport-shop.de\\\/en\\\/#\\\/schema\\\/logo\\\/image\\\/\",\"url\":\"https:\\\/\\\/zughundesport-shop.de\\\/wp-content\\\/uploads\\\/2019\\\/09\\\/logo_sledwork.png\",\"contentUrl\":\"https:\\\/\\\/zughundesport-shop.de\\\/wp-content\\\/uploads\\\/2019\\\/09\\\/logo_sledwork.png\",\"width\":765,\"height\":283,\"caption\":\"SLEDWORK\u00ae\"},\"image\":{\"@id\":\"https:\\\/\\\/zughundesport-shop.de\\\/en\\\/#\\\/schema\\\/logo\\\/image\\\/\"},\"sameAs\":[\"https:\\\/\\\/www.facebook.com\\\/Sledwork\\\/\",\"https:\\\/\\\/www.instagram.com\\\/sledwork.de\\\/?hl=de\"]}]}<\/script>\n<!-- \/ Yoast SEO Premium plugin. -->","yoast_head_json":{"title":"CaniX Belt G2 light - Sledwork Shop","robots":{"index":"index","follow":"follow","max-snippet":"max-snippet:-1","max-image-preview":"max-image-preview:large","max-video-preview":"max-video-preview:-1"},"canonical":"https:\/\/zughundesport-shop.de\/en\/produkt\/sportarten-en\/canix-run-canirun\/canix-belt-g2-light\/","og_locale":"en_US","og_type":"article","og_title":"CaniX Belt G2 light","og_description":"Originating from skijoring, the current CaniX Belt G2 light has undergone an evolutionary development, with which you can increase your performance. Its great advantage is the effective four-point attachment of the leash, which makes the belt unique. The belt encloses the entire pelvis, which distributes the traction over a large area. About 2\/3 of the [...]","og_url":"https:\/\/zughundesport-shop.de\/en\/produkt\/sportarten-en\/canix-run-canirun\/canix-belt-g2-light\/","og_site_name":"Sledwork Shop","article_publisher":"https:\/\/www.facebook.com\/Sledwork\/","article_modified_time":"2023-07-25T22:00:32+00:00","og_image":[{"width":1200,"height":1200,"type":"image\/jpeg","url":"https:\/\/zughundesport-shop.de\/wp-content\/uploads\/2019\/10\/320A9135-Bearbeitet-e1590651626262.jpg"}],"twitter_card":"summary_large_image","twitter_misc":{"Est. reading time":"2 minutes"},"schema":{"@context":"https:\/\/schema.org","@graph":[{"@type":"WebPage","@id":"https:\/\/zughundesport-shop.de\/en\/produkt\/sportarten-en\/canix-run-canirun\/canix-belt-g2-light\/","url":"https:\/\/zughundesport-shop.de\/en\/produkt\/sportarten-en\/canix-run-canirun\/canix-belt-g2-light\/","name":"CaniX Belt G2 light - Sledwork Shop","isPartOf":{"@id":"https:\/\/zughundesport-shop.de\/en\/#website"},"primaryImageOfPage":{"@id":"https:\/\/zughundesport-shop.de\/en\/produkt\/sportarten-en\/canix-run-canirun\/canix-belt-g2-light\/#primaryimage"},"image":{"@id":"https:\/\/zughundesport-shop.de\/en\/produkt\/sportarten-en\/canix-run-canirun\/canix-belt-g2-light\/#primaryimage"},"thumbnailUrl":"https:\/\/zughundesport-shop.de\/wp-content\/uploads\/2019\/10\/320A9135-Bearbeitet-e1590651626262.jpg","datePublished":"2019-10-30T18:42:49+00:00","dateModified":"2023-07-25T22:00:32+00:00","breadcrumb":{"@id":"https:\/\/zughundesport-shop.de\/en\/produkt\/sportarten-en\/canix-run-canirun\/canix-belt-g2-light\/#breadcrumb"},"inLanguage":"en-US","potentialAction":[{"@type":"ReadAction","target":["https:\/\/zughundesport-shop.de\/en\/produkt\/sportarten-en\/canix-run-canirun\/canix-belt-g2-light\/"]}]},{"@type":"ImageObject","inLanguage":"en-US","@id":"https:\/\/zughundesport-shop.de\/en\/produkt\/sportarten-en\/canix-run-canirun\/canix-belt-g2-light\/#primaryimage","url":"https:\/\/zughundesport-shop.de\/wp-content\/uploads\/2019\/10\/320A9135-Bearbeitet-e1590651626262.jpg","contentUrl":"https:\/\/zughundesport-shop.de\/wp-content\/uploads\/2019\/10\/320A9135-Bearbeitet-e1590651626262.jpg","width":1200,"height":1200,"caption":"Laufg\u00fcrtel CaniX Belt g2 light neonorange seitlich detail Hundeanbindung"},{"@type":"BreadcrumbList","@id":"https:\/\/zughundesport-shop.de\/en\/produkt\/sportarten-en\/canix-run-canirun\/canix-belt-g2-light\/#breadcrumb","itemListElement":[{"@type":"ListItem","position":1,"name":"Startseite","item":"https:\/\/zughundesport-shop.de\/en\/"},{"@type":"ListItem","position":2,"name":"Shop","item":"https:\/\/zughundesport-shop.de\/en\/shop-2\/"},{"@type":"ListItem","position":3,"name":"CaniX Belt G2 light"}]},{"@type":"WebSite","@id":"https:\/\/zughundesport-shop.de\/en\/#website","url":"https:\/\/zughundesport-shop.de\/en\/","name":"Sledwork Shop","description":"GET ALL YOU NEED FOR PERFECT DOG SPORTS","publisher":{"@id":"https:\/\/zughundesport-shop.de\/en\/#organization"},"potentialAction":[{"@type":"SearchAction","target":{"@type":"EntryPoint","urlTemplate":"https:\/\/zughundesport-shop.de\/en\/?s={search_term_string}"},"query-input":{"@type":"PropertyValueSpecification","valueRequired":true,"valueName":"search_term_string"}}],"inLanguage":"en-US"},{"@type":"Organization","@id":"https:\/\/zughundesport-shop.de\/en\/#organization","name":"SLEDWORK\u00ae","url":"https:\/\/zughundesport-shop.de\/en\/","logo":{"@type":"ImageObject","inLanguage":"en-US","@id":"https:\/\/zughundesport-shop.de\/en\/#\/schema\/logo\/image\/","url":"https:\/\/zughundesport-shop.de\/wp-content\/uploads\/2019\/09\/logo_sledwork.png","contentUrl":"https:\/\/zughundesport-shop.de\/wp-content\/uploads\/2019\/09\/logo_sledwork.png","width":765,"height":283,"caption":"SLEDWORK\u00ae"},"image":{"@id":"https:\/\/zughundesport-shop.de\/en\/#\/schema\/logo\/image\/"},"sameAs":["https:\/\/www.facebook.com\/Sledwork\/","https:\/\/www.instagram.com\/sledwork.de\/?hl=de"]}]}},"amp_enabled":true,"_links":{"self":[{"href":"https:\/\/zughundesport-shop.de\/en\/wp-json\/wp\/v2\/product\/9772","targetHints":{"allow":["GET"]}}],"collection":[{"href":"https:\/\/zughundesport-shop.de\/en\/wp-json\/wp\/v2\/product"}],"about":[{"href":"https:\/\/zughundesport-shop.de\/en\/wp-json\/wp\/v2\/types\/product"}],"wp:featuredmedia":[{"embeddable":true,"href":"https:\/\/zughundesport-shop.de\/en\/wp-json\/wp\/v2\/media\/7529"}],"wp:attachment":[{"href":"https:\/\/zughundesport-shop.de\/en\/wp-json\/wp\/v2\/media?parent=9772"}],"wp:term":[{"taxonomy":"product_brand","embeddable":true,"href":"https:\/\/zughundesport-shop.de\/en\/wp-json\/wp\/v2\/product_brand?post=9772"},{"taxonomy":"product_cat","embeddable":true,"href":"https:\/\/zughundesport-shop.de\/en\/wp-json\/wp\/v2\/product_cat?post=9772"},{"taxonomy":"product_tag","embeddable":true,"href":"https:\/\/zughundesport-shop.de\/en\/wp-json\/wp\/v2\/product_tag?post=9772"}],"curies":[{"name":"wp","href":"https:\/\/api.w.org\/{rel}","templated":true}]}}